{"id":3105,"date":"2021-10-14T15:46:36","date_gmt":"2021-10-14T13:46:36","guid":{"rendered":"https:\/\/n8n.wwwarcelona.net\/politique-de-confidentialite\/"},"modified":"2025-05-16T10:00:44","modified_gmt":"2025-05-16T08:00:44","slug":"politique-de-confidentialite","status":"publish","type":"page","link":"https:\/\/n8n.wwwarcelona.net\/fr\/politique-de-confidentialite\/","title":{"rendered":"Politique de confidentialit\u00e9"},"content":{"rendered":"\t\t<div data-elementor-type=\"wp-page\" data-elementor-id=\"3105\" class=\"elementor elementor-3105 elementor-38\" data-elementor-post-type=\"page\">\n\t\t\t\t\t\t<section class=\"elementor-section elementor-top-section elementor-element elementor-element-8006250 elementor-section-boxed elementor-section-height-default elementor-section-height-default\" data-id=\"8006250\" data-element_type=\"section\" data-e-type=\"section\">\n\t\t\t\t\t\t<div class=\"elementor-container elementor-column-gap-default\">\n\t\t\t\t\t<div class=\"elementor-column elementor-col-100 elementor-top-column elementor-element elementor-element-46da4cf\" data-id=\"46da4cf\" data-element_type=\"column\" data-e-type=\"column\">\n\t\t\t<div class=\"elementor-widget-wrap elementor-element-populated\">\n\t\t\t\t\t\t<div class=\"elementor-element elementor-element-46cf0d7 elementor-widget elementor-widget-heading\" data-id=\"46cf0d7\" data-element_type=\"widget\" data-e-type=\"widget\" data-widget_type=\"heading.default\">\n\t\t\t\t<div class=\"elementor-widget-container\">\n\t\t\t\t\t<h2 class=\"elementor-heading-title elementor-size-default\">POLITIQUE DE CONFIDENTIALIT\u00c9<\/h2>\t\t\t\t<\/div>\n\t\t\t\t<\/div>\n\t\t\t\t<div class=\"elementor-element elementor-element-4757770 elementor-widget elementor-widget-text-editor\" data-id=\"4757770\" data-element_type=\"widget\" data-e-type=\"widget\" data-widget_type=\"text-editor.default\">\n\t\t\t\t<div class=\"elementor-widget-container\">\n\t\t\t\t\t\t\t\t\t<p>Si vous \u00eates ici, c&#8217;est parce que vous voulez en savoir plus sur vos obligations et vos droits en tant qu&#8217;utilisateur de ce site web <a href=\"https:\/\/n8n.wwwarcelona.net\/fr\/\">codebiting.wwwarcelona.net<\/a> et c&#8217;est tr\u00e8s bien. Notre devoir est de vous informer et le v\u00f4tre est d&#8217;\u00eatre correctement inform\u00e9.<\/p>\n<p>Dans cette politique de confidentialit\u00e9, nous vous informons en toute transparence de la finalit\u00e9 de ce site web et de tout ce qui concerne les donn\u00e9es que vous nous fournissez, ainsi que des obligations et des droits qui vous reviennent.<\/p>\n<p>Tout d&#8217;abord, vous devez savoir que ce site est adapt\u00e9 \u00e0 la r\u00e9glementation en vigueur en mati\u00e8re de protection des donn\u00e9es, qui concerne les donn\u00e9es personnelles que vous nous fournissez avec votre consentement expr\u00e8s et les cookies que nous utilisons pour que ce site puisse fonctionner correctement et mener \u00e0 bien son activit\u00e9.<\/p>\n<p>Plus pr\u00e9cis\u00e9ment, ce site web est conforme aux r\u00e9glementations suivantes :<\/p>\n<ul>\n<li><strong>Le GDPR<\/strong> (R\u00e8glement (UE) 2016\/679 du Parlement europ\u00e9en et du Conseil du 27 avril 2016 relatif \u00e0 la protection des personnes physiques), qui unifie la r\u00e9glementation du traitement des donn\u00e9es personnelles dans les diff\u00e9rents pays de l&#8217;UE.<\/li>\n<li><strong>La LOPDGDD<\/strong> (Ley Org\u00e1nica 3\/2018, de 5 de diciembre, de Protecci\u00f3n de Datos Personales y garant\u00eda de los derechos digitales), qui adapte la l\u00e9gislation espagnole au RGPD et r\u00e9glemente les droits num\u00e9riques.<\/li>\n<li><strong>La LSSI<\/strong> (loi 34\/2002, du 11 juillet, sur les services de la soci\u00e9t\u00e9 de l&#8217;information et le commerce \u00e9lectronique), qui r\u00e9glemente les transactions \u00e9conomiques par voie \u00e9lectronique, comme dans le cas de ce blog.<\/li>\n<\/ul>\n<h3><strong>DONN\u00c9ES D&#8217;IDENTIFICATION<\/strong><\/h3>\n<p>Le responsable et propri\u00e9taire de ce site web est :<\/p>\n<ul>\n<li><strong>Nom :<\/strong> Code Biting S.L.<\/li>\n<li><strong>NUM\u00c9RO DE TVA :<\/strong> B1111111111<\/li>\n<li><strong>Si\u00e8ge social :<\/strong> C \/ Consell de Cent, Entresol, 08007<\/li>\n<li><strong>Activit\u00e9 du site Web :<\/strong> Diffusion de contenu li\u00e9 \u00e0 <span style=\"color: rgb(24, 24, 23);\">Code Biting S.L.<\/span>, affichage de publicit\u00e9 et recommandation de produits affili\u00e9s.<\/li>\n<li><strong>E-mail :<\/strong> <a href=\"mailto:info@n8n.wwwarcelona.net\">info@n8n.wwwarcelona.net<\/a><\/li>\n<\/ul>\n<p>Les donn\u00e9es que vous nous fournissez avec votre consentement, et conform\u00e9ment \u00e0 l&#8217;utilisation \u00e9tablie dans notre politique de confidentialit\u00e9, seront incorpor\u00e9es dans un fichier automatis\u00e9 d\u00fbment enregistr\u00e9 aupr\u00e8s de l&#8217;Agence espagnole de protection des donn\u00e9es. Cela signifie que vos donn\u00e9es sont en s\u00e9curit\u00e9, conform\u00e9ment \u00e0 la loi. <\/p>\n<p>Les donn\u00e9es \u00e0 caract\u00e8re personnel que vous nous fournissez, avec votre consentement explicite, seront stock\u00e9es et trait\u00e9es aux fins \u00e9nonc\u00e9es et d\u00e9crites ci-dessous dans la pr\u00e9sente politique de confidentialit\u00e9, jusqu&#8217;\u00e0 ce que vous nous demandiez de les supprimer.<\/p>\n<p>Nous vous informons que la pr\u00e9sente politique de confidentialit\u00e9 peut \u00eatre modifi\u00e9e \u00e0 tout moment pour l&#8217;adapter \u00e0 une nouvelle l\u00e9gislation ou \u00e0 des changements dans nos activit\u00e9s. La version en vigueur sera toujours celle publi\u00e9e sur ce site web, et vous serez inform\u00e9 de toute modification pertinente avant qu&#8217;elle ne soit appliqu\u00e9e. <\/p>\n<h3><strong>CONDITIONS D&#8217;UTILISATION<\/strong><\/h3>\n<p>Vous devez savoir, pour votre tranquillit\u00e9 d&#8217;esprit, que nous vous demanderons toujours votre consentement explicite pour collecter vos donn\u00e9es aux fins correspondantes sp\u00e9cifi\u00e9es dans chaque cas. Cela implique que, si vous donnez votre consentement, vous avez lu et accept\u00e9 la pr\u00e9sente politique de confidentialit\u00e9. <\/p>\n<p>En acc\u00e9dant \u00e0 ce site web et en l&#8217;utilisant, vous assumez votre statut d&#8217;utilisateur et les droits et obligations qui en d\u00e9coulent.<\/p>\n<ul>\n<li>Si vous avez plus de 14 ans, vous pouvez vous inscrire en tant qu&#8217;utilisateur de ce site web sans l&#8217;accord pr\u00e9alable de vos parents ou de votre tuteur.<\/li>\n<li>Si vous avez moins de 14 ans, vous devrez obtenir le consentement de vos parents ou tuteurs pour le traitement de vos donn\u00e9es personnelles.<\/li>\n<\/ul>\n<h3><strong>ENREGISTREMENT ET FINALIT\u00c9 DE VOS DONN\u00c9ES<\/strong><\/h3>\n<p>En fonction du formulaire ou de la section \u00e0 laquelle vous acc\u00e9dez, nous ne vous demanderons que les donn\u00e9es n\u00e9cessaires aux fins d\u00e9crites ci-dessous. \u00c0 tout moment, vous devez donner votre consentement explicite lorsque nous vous demandons des informations personnelles pour : <\/p>\n<ul>\n<li>Les finalit\u00e9s sp\u00e9cifiques qui sont notamment indiqu\u00e9es sur chacune des pages ou sections o\u00f9 figure le formulaire d&#8217;enregistrement ou de contact \u00e9lectronique.<\/li>\n<li>Pour r\u00e9pondre \u00e0 vos demandes, commentaires, requ\u00eates ou tout autre type de demande que vous formulez en tant qu&#8217;utilisateur par le biais de l&#8217;un des formulaires de contact disponibles.<\/li>\n<li>vous informer sur les demandes de renseignements, les activit\u00e9s, les produits, les nouvelles et\/ou les services par divers moyens \u00e9lectroniques ou physiques.<\/li>\n<li>Pour vous envoyer des communications commerciales relatives \u00e0 nos produits, services ou promotions, ainsi qu&#8217;aux produits ou services que nous pouvons consid\u00e9rer comme int\u00e9ressants pour vous et qui sont propos\u00e9s par des collaborateurs ou des partenaires avec lesquels nous avons conclu des accords promotionnels.<\/li>\n<\/ul>\n<p>Ces communications seront toujours effectu\u00e9es par <span style=\"color: rgb(24, 24, 23);\">Code Biting S.L.<\/span>, sans que des tiers aient acc\u00e8s \u00e0 vos donn\u00e9es personnelles.<\/p>\n<h3><strong>L&#8217;EXACTITUDE ET LA V\u00c9RACIT\u00c9 DES DONN\u00c9ES<\/strong><\/h3>\n<p>En tant qu&#8217;utilisateur, vous \u00eates responsable de l&#8217;exactitude et de la mise \u00e0 jour des donn\u00e9es que vous fournissez. Vous vous engagez \u00e0 fournir des informations compl\u00e8tes et correctes dans les formulaires de contact ou d&#8217;abonnement. <\/p>\n<h3><strong>D\u00c9SABONNEMENT ET DROIT DE R\u00c9VOCATION<\/strong><\/h3>\n<p>En tant que propri\u00e9taire des donn\u00e9es, vous pouvez \u00e0 tout moment exercer vos droits d&#8217;acc\u00e8s, de rectification, d&#8217;annulation et d&#8217;opposition en envoyant un courrier \u00e9lectronique \u00e0 <a href=\"mailto:info@n8n.wwwarcelona.net\">info@n8n.wwwarcelona.net<\/a> en joignant une copie de votre document d&#8217;identit\u00e9 comme preuve valable.<\/p>\n<h3><strong>L&#8217;ACC\u00c8S AUX DONN\u00c9ES POUR LE COMPTE DE TIERS<\/strong><\/h3>\n<p>Pour fournir les services n\u00e9cessaires, nous partageons des donn\u00e9es avec :<\/p>\n<ul>\n<li><strong>Dinahosting SL<\/strong>, fournisseur d&#8217;h\u00e9bergement. Plus d&#8217;informations sur <a href=\"https:\/\/dinahosting.com\/legal\/proteccion-datos\">https:\/\/dinahosting.com\/legal\/proteccion-datos.<\/a> <\/li>\n<li><strong>Google Analytics<\/strong>: analyse l&#8217;utilisation du site web. Consultez sa politique de confidentialit\u00e9 \u00e0 l&#8217;adresse <a href=\"https:\/\/www.google.com\/intl\/es\/policies\/privacy\/\">https:\/\/www.google.com\/intl\/es\/policies\/privacy\/.<\/a> <\/li>\n<li><strong>Google Adsense<\/strong>: Publier des annonces personnalis\u00e9es. Consultez leurs r\u00e8gles \u00e0 l&#8217;adresse <a href=\"https:\/\/www.google.com\/intl\/es\/policies\/privacy\/\">https:\/\/www.google.com\/intl\/es\/policies\/privacy\/<\/a>. <\/li>\n<\/ul>\n<h3><strong>LES MESURES DE S\u00c9CURIT\u00c9<\/strong><\/h3>\n<p><span style=\"color: rgb(24, 24, 23);\">Code Biting S.L.<\/span> a adopt\u00e9 toutes les mesures n\u00e9cessaires pour garantir la s\u00e9curit\u00e9 et l&#8217;int\u00e9grit\u00e9 de vos donn\u00e9es personnelles et pour \u00e9viter leur perte, leur alt\u00e9ration ou leur acc\u00e8s non autoris\u00e9 par des tiers.<\/p>\n<p>Pour plus d&#8217;informations, vous pouvez consulter nos pages Mentions l\u00e9gales et Politique en mati\u00e8re de cookies.<\/p>\t\t\t\t\t\t\t\t<\/div>\n\t\t\t\t<\/div>\n\t\t\t\t\t<\/div>\n\t\t<\/div>\n\t\t\t\t\t<\/div>\n\t\t<\/section>\n\t\t\t\t<\/div>\n\t\t","protected":false},"excerpt":{"rendered":"<p>POLITIQUE DE CONFIDENTIALIT\u00c9 Si vous \u00eates ici, c&#8217;est parce que vous voulez en savoir plus sur vos obligations et vos droits en tant qu&#8217;utilisateur de ce site web codebiting.wwwarcelona.net et c&#8217;est tr\u00e8s bien. Notre devoir est de vous informer et le v\u00f4tre est d&#8217;\u00eatre correctement inform\u00e9. Dans cette politique de confidentialit\u00e9, nous vous informons en [&hellip;]<\/p>\n","protected":false},"author":7,"featured_media":0,"parent":0,"menu_order":0,"comment_status":"closed","ping_status":"open","template":"elementor_header_footer","meta":{"_acf_changed":false,"inline_featured_image":false,"footnotes":""},"tags":[],"class_list":["post-3105","page","type-page","status-publish","hentry"],"acf":[],"yoast_head":"<!-- This site is optimized with the Yoast SEO plugin v27.4 - https:\/\/yoast.com\/product\/yoast-seo-wordpress\/ -->\n<title>\u25b7Politique de confidentialit\u00e9 - \u3010 n8n wwwarcelona \u3011<\/title>\n<meta name=\"description\" content=\"POLITIQUE DE CONFIDENTIALIT\u00c9 Si vous \u00eates ici, c&#039;est parce que vous voulez en savoir plus sur vos obligations et vos droits en tant qu&#039;utilisateur de ce \u2713\" \/>\n<meta name=\"robots\" content=\"noindex, nofollow\" \/>\n<meta property=\"og:locale\" content=\"fr_FR\" \/>\n<meta property=\"og:type\" content=\"article\" \/>\n<meta property=\"og:title\" content=\"\u25b7Politique de confidentialit\u00e9 - \u3010 n8n wwwarcelona \u3011\" \/>\n<meta property=\"og:description\" content=\"POLITIQUE DE CONFIDENTIALIT\u00c9 Si vous \u00eates ici, c&#039;est parce que vous voulez en savoir plus sur vos obligations et vos droits en tant qu&#039;utilisateur de ce \u2713\" \/>\n<meta property=\"og:url\" content=\"https:\/\/n8n.wwwarcelona.net\/fr\/politique-de-confidentialite\/\" \/>\n<meta property=\"og:site_name\" content=\"n8n wwwarcelona\" \/>\n<meta property=\"article:modified_time\" content=\"2025-05-16T08:00:44+00:00\" \/>\n<meta name=\"twitter:card\" content=\"summary_large_image\" \/>\n<meta name=\"twitter:label1\" content=\"Dur\u00e9e de lecture estim\u00e9e\" \/>\n\t<meta name=\"twitter:data1\" content=\"5 minutes\" \/>\n<!-- \/ Yoast SEO plugin. -->","yoast_head_json":{"title":"\u25b7Politique de confidentialit\u00e9 - \u3010 n8n wwwarcelona \u3011","description":"POLITIQUE DE CONFIDENTIALIT\u00c9 Si vous \u00eates ici, c'est parce que vous voulez en savoir plus sur vos obligations et vos droits en tant qu'utilisateur de ce \u2713","robots":{"index":"noindex","follow":"nofollow"},"og_locale":"fr_FR","og_type":"article","og_title":"\u25b7Politique de confidentialit\u00e9 - \u3010 n8n wwwarcelona \u3011","og_description":"POLITIQUE DE CONFIDENTIALIT\u00c9 Si vous \u00eates ici, c'est parce que vous voulez en savoir plus sur vos obligations et vos droits en tant qu'utilisateur de ce \u2713","og_url":"https:\/\/n8n.wwwarcelona.net\/fr\/politique-de-confidentialite\/","og_site_name":"n8n wwwarcelona","article_modified_time":"2025-05-16T08:00:44+00:00","twitter_card":"summary_large_image","twitter_misc":{"Dur\u00e9e de lecture estim\u00e9e":"5 minutes"},"schema":{"@context":"https:\/\/schema.org","@graph":[{"@type":"WebPage","@id":"https:\/\/n8n.wwwarcelona.net\/fr\/politique-de-confidentialite\/","url":"https:\/\/n8n.wwwarcelona.net\/fr\/politique-de-confidentialite\/","name":"\u25b7Politique de confidentialit\u00e9 - \u3010 n8n wwwarcelona \u3011","isPartOf":{"@id":"https:\/\/n8n.wwwarcelona.net\/fr\/#website"},"datePublished":"2021-10-14T13:46:36+00:00","dateModified":"2025-05-16T08:00:44+00:00","description":"POLITIQUE DE CONFIDENTIALIT\u00c9 Si vous \u00eates ici, c'est parce que vous voulez en savoir plus sur vos obligations et vos droits en tant qu'utilisateur de ce \u2713","breadcrumb":{"@id":"https:\/\/n8n.wwwarcelona.net\/fr\/politique-de-confidentialite\/#breadcrumb"},"inLanguage":"fr-FR","potentialAction":[{"@type":"ReadAction","target":["https:\/\/n8n.wwwarcelona.net\/fr\/politique-de-confidentialite\/"]}]},{"@type":"BreadcrumbList","@id":"https:\/\/n8n.wwwarcelona.net\/fr\/politique-de-confidentialite\/#breadcrumb","itemListElement":[{"@type":"ListItem","position":1,"name":"Portada","item":"https:\/\/n8n.wwwarcelona.net\/fr\/accueil\/"},{"@type":"ListItem","position":2,"name":"Politique de confidentialit\u00e9"}]},{"@type":"WebSite","@id":"https:\/\/n8n.wwwarcelona.net\/fr\/#website","url":"https:\/\/n8n.wwwarcelona.net\/fr\/","name":"n8n wwwarcelona","description":"Disseny de Webs i APPs per Empreses","potentialAction":[{"@type":"SearchAction","target":{"@type":"EntryPoint","urlTemplate":"https:\/\/n8n.wwwarcelona.net\/fr\/?s={search_term_string}"},"query-input":{"@type":"PropertyValueSpecification","valueRequired":true,"valueName":"search_term_string"}}],"inLanguage":"fr-FR"}]}},"_links":{"self":[{"href":"https:\/\/n8n.wwwarcelona.net\/fr\/wp-json\/wp\/v2\/pages\/3105","targetHints":{"allow":["GET"]}}],"collection":[{"href":"https:\/\/n8n.wwwarcelona.net\/fr\/wp-json\/wp\/v2\/pages"}],"about":[{"href":"https:\/\/n8n.wwwarcelona.net\/fr\/wp-json\/wp\/v2\/types\/page"}],"author":[{"embeddable":true,"href":"https:\/\/n8n.wwwarcelona.net\/fr\/wp-json\/wp\/v2\/users\/7"}],"replies":[{"embeddable":true,"href":"https:\/\/n8n.wwwarcelona.net\/fr\/wp-json\/wp\/v2\/comments?post=3105"}],"version-history":[{"count":1,"href":"https:\/\/n8n.wwwarcelona.net\/fr\/wp-json\/wp\/v2\/pages\/3105\/revisions"}],"predecessor-version":[{"id":3106,"href":"https:\/\/n8n.wwwarcelona.net\/fr\/wp-json\/wp\/v2\/pages\/3105\/revisions\/3106"}],"wp:attachment":[{"href":"https:\/\/n8n.wwwarcelona.net\/fr\/wp-json\/wp\/v2\/media?parent=3105"}],"wp:term":[{"taxonomy":"post_tag","embeddable":true,"href":"https:\/\/n8n.wwwarcelona.net\/fr\/wp-json\/wp\/v2\/tags?post=3105"}],"curies":[{"name":"wp","href":"https:\/\/api.w.org\/{rel}","templated":true}]}}