{"id":3094,"date":"2023-06-16T15:36:36","date_gmt":"2023-06-16T13:36:36","guid":{"rendered":"https:\/\/n8n.wwwarcelona.net\/plan-du-site\/"},"modified":"2025-05-22T11:07:50","modified_gmt":"2025-05-22T09:07:50","slug":"plan-du-site","status":"publish","type":"page","link":"https:\/\/n8n.wwwarcelona.net\/fr\/plan-du-site\/","title":{"rendered":"Plan du site"},"content":{"rendered":"\t\t<div data-elementor-type=\"wp-page\" data-elementor-id=\"3094\" class=\"elementor elementor-3094 elementor-323\" data-elementor-post-type=\"page\">\n\t\t\t\t<div class=\"elementor-element elementor-element-adf918d e-flex e-con-boxed e-con e-parent\" data-id=\"adf918d\" data-element_type=\"container\" data-e-type=\"container\">\n\t\t\t\t\t<div class=\"e-con-inner\">\n\t\t<div class=\"elementor-element elementor-element-78699db e-con-full e-flex e-con e-child\" data-id=\"78699db\" data-element_type=\"container\" data-e-type=\"container\">\n\t\t\t\t<div class=\"elementor-element elementor-element-9f3ea7b elementor-widget elementor-widget-heading\" data-id=\"9f3ea7b\" data-element_type=\"widget\" data-e-type=\"widget\" data-widget_type=\"heading.default\">\n\t\t\t\t<div class=\"elementor-widget-container\">\n\t\t\t\t\t<h2 class=\"elementor-heading-title elementor-size-default\">Pages<\/h2>\t\t\t\t<\/div>\n\t\t\t\t<\/div>\n\t\t\t\t<div class=\"elementor-element elementor-element-5450b6e elementor-widget__width-inherit elementor-widget elementor-widget-sitemap\" data-id=\"5450b6e\" data-element_type=\"widget\" data-e-type=\"widget\" data-widget_type=\"sitemap.default\">\n\t\t\t\t<div class=\"elementor-widget-container\">\n\t\t\t\t\t<div class=\"elementor-sitemap-wrap\"><div class=\"elementor-sitemap-section\"><h2 class=\"elementor-sitemap-title elementor-sitemap-page-title\">-<\/h2><ul class=\"elementor-sitemap-list elementor-sitemap-page-list\"><li class=\"elementor-sitemap-item elementor-sitemap-item-page page_item page-item-4474\"><a href=\"https:\/\/n8n.wwwarcelona.net\/fr\/solutions-logistiques-2\/\">Solutions logistiques<\/a><\/li><li class=\"elementor-sitemap-item elementor-sitemap-item-page page_item page-item-4479\"><a href=\"https:\/\/n8n.wwwarcelona.net\/fr\/conseil-en-processus-2\/\">Conseil en processus<\/a><\/li><li class=\"elementor-sitemap-item elementor-sitemap-item-page page_item page-item-4470\"><a href=\"https:\/\/n8n.wwwarcelona.net\/fr\/logiciel-de-gestion-dentrepot-2\/\">Logiciel de gestion d&#8217;entrep\u00f4t<\/a><\/li><li class=\"elementor-sitemap-item elementor-sitemap-item-page page_item page-item-4539\"><a href=\"https:\/\/n8n.wwwarcelona.net\/fr\/libre-sga\/\">Libre SGA<\/a><\/li><li class=\"elementor-sitemap-item elementor-sitemap-item-page page_item page-item-4550\"><a href=\"https:\/\/n8n.wwwarcelona.net\/fr\/plan-premium\/\">Plan Premium<\/a><\/li><li class=\"elementor-sitemap-item elementor-sitemap-item-page page_item page-item-4533\"><a href=\"https:\/\/n8n.wwwarcelona.net\/fr\/plan-gratuit\/\">Plan gratuit<\/a><\/li><li class=\"elementor-sitemap-item elementor-sitemap-item-page page_item page-item-4026\"><a href=\"https:\/\/n8n.wwwarcelona.net\/fr\/thank-you\/\">Thank you<\/a><\/li><li class=\"elementor-sitemap-item elementor-sitemap-item-page page_item page-item-3113\"><a href=\"https:\/\/n8n.wwwarcelona.net\/fr\/logiciel-de-gestion-dentrepot\/inventaire-et-controle-des-stocks\/\">Inventaire et contr\u00f4le des stocks<\/a><\/li><li class=\"elementor-sitemap-item elementor-sitemap-item-page page_item page-item-3115\"><a href=\"https:\/\/n8n.wwwarcelona.net\/fr\/logiciel-de-gestion-dentrepot\/identification-et-etiquetage\/\">Identification et \u00e9tiquetage<\/a><\/li><li class=\"elementor-sitemap-item elementor-sitemap-item-page page_item page-item-3109\"><a href=\"https:\/\/n8n.wwwarcelona.net\/fr\/logiciel-de-gestion-dentrepot\/tracabilite-et-intelligence-economique\/\">Tra\u00e7abilit\u00e9 et intelligence \u00e9conomique<\/a><\/li><li class=\"elementor-sitemap-item elementor-sitemap-item-page page_item page-item-3111\"><a href=\"https:\/\/n8n.wwwarcelona.net\/fr\/logiciel-de-gestion-dentrepot\/commandes-et-transferts\/\">Commandes et transferts<\/a><\/li><li class=\"elementor-sitemap-item elementor-sitemap-item-page page_item page-item-3087\"><a href=\"https:\/\/n8n.wwwarcelona.net\/fr\/logiciel-de-gestion-dentrepot\/achats-et-retours\/\">Achats et retours<\/a><\/li><li class=\"elementor-sitemap-item elementor-sitemap-item-page page_item page-item-3132\"><a href=\"https:\/\/n8n.wwwarcelona.net\/fr\/solutions-logistiques-2\/systemes-automatises-de-transport-de-stockage-et-de-preparation-des-commandes\/\">Syst\u00e8mes automatis\u00e9s de transport, de stockage et de pr\u00e9paration des commandes<\/a><\/li><li class=\"elementor-sitemap-item elementor-sitemap-item-page page_item page-item-3130\"><a href=\"https:\/\/n8n.wwwarcelona.net\/fr\/solutions-logistiques-2\/robots-et-vehicules-autonomes\/\">Robots et v\u00e9hicules autonomes<\/a><\/li><li class=\"elementor-sitemap-item elementor-sitemap-item-page page_item page-item-3098\"><a href=\"https:\/\/n8n.wwwarcelona.net\/fr\/a-propos-de-nous\/\">A propos de nous<\/a><\/li><li class=\"elementor-sitemap-item elementor-sitemap-item-page page_item page-item-3083\"><a href=\"https:\/\/n8n.wwwarcelona.net\/fr\/conseil-en-processus-2\/securite-des-entrepots\/\">S\u00e9curit\u00e9 des entrep\u00f4ts<\/a><\/li><li class=\"elementor-sitemap-item elementor-sitemap-item-page page_item page-item-3081\"><a href=\"https:\/\/n8n.wwwarcelona.net\/fr\/conseil-en-processus-2\/planification-et-controle-de-la-fabrication\/\">Planification et contr\u00f4le de la fabrication<\/a><\/li><li class=\"elementor-sitemap-item elementor-sitemap-item-page page_item page-item-3107\"><a href=\"https:\/\/n8n.wwwarcelona.net\/fr\/conseil-en-processus-2\/chaine-dapprovisionnement\/\">Cha\u00eene d&#8217;approvisionnement<\/a><\/li><li class=\"elementor-sitemap-item elementor-sitemap-item-page page_item page-item-3079\"><a href=\"https:\/\/n8n.wwwarcelona.net\/fr\/logistique-interne\/\">Logistique interne<\/a><\/li><li class=\"elementor-sitemap-item elementor-sitemap-item-page page_item page-item-3126\"><a href=\"https:\/\/n8n.wwwarcelona.net\/fr\/solutions-logistiques-2\/equipement-dentrepot\/\">\u00c9quipement d&#8217;entrep\u00f4t<\/a><\/li><li class=\"elementor-sitemap-item elementor-sitemap-item-page page_item page-item-3128\"><a href=\"https:\/\/n8n.wwwarcelona.net\/fr\/solutions-logistiques-2\/piquez-pour-allumer\/\">Piquez pour allumer<\/a><\/li><li class=\"elementor-sitemap-item elementor-sitemap-item-page page_item page-item-3093\"><a href=\"https:\/\/n8n.wwwarcelona.net\/fr\/logiciel-de-gestion-dentrepot\/\">Logiciel de gestion d&#8217;entrep\u00f4t<\/a><\/li><li class=\"elementor-sitemap-item elementor-sitemap-item-page page_item page-item-3124\"><a href=\"https:\/\/n8n.wwwarcelona.net\/fr\/solutions-logistiques\/\">Anciennes solutions logistiques<\/a><\/li><li class=\"elementor-sitemap-item elementor-sitemap-item-page page_item page-item-3077\"><a href=\"https:\/\/n8n.wwwarcelona.net\/fr\/conseil-en-processus\/\">Conseil en processus ancien<\/a><\/li><li class=\"elementor-sitemap-item elementor-sitemap-item-page page_item page-item-3103\"><a href=\"https:\/\/n8n.wwwarcelona.net\/fr\/services\/\">Services<\/a><\/li><li class=\"elementor-sitemap-item elementor-sitemap-item-page page_item page-item-3091\"><a href=\"https:\/\/n8n.wwwarcelona.net\/fr\/politique-daccessibilite\/\">Politique d&#8217;accessibilit\u00e9<\/a><\/li><li class=\"elementor-sitemap-item elementor-sitemap-item-page page_item page-item-3094\"><a href=\"https:\/\/n8n.wwwarcelona.net\/fr\/plan-du-site\/\">Plan du site<\/a><\/li><li class=\"elementor-sitemap-item elementor-sitemap-item-page page_item page-item-3073\"><a href=\"https:\/\/n8n.wwwarcelona.net\/fr\/blog\/\">Blog<\/a><\/li><li class=\"elementor-sitemap-item elementor-sitemap-item-page page_item page-item-3101\"><a href=\"https:\/\/n8n.wwwarcelona.net\/fr\/contact\/\">Contact<\/a><\/li><li class=\"elementor-sitemap-item elementor-sitemap-item-page page_item page-item-3097\"><a href=\"https:\/\/n8n.wwwarcelona.net\/fr\/\">Accueil<\/a><\/li><li class=\"elementor-sitemap-item elementor-sitemap-item-page page_item page-item-3088\"><a href=\"https:\/\/n8n.wwwarcelona.net\/fr\/politique-en-matiere-de-cookies\/\">Politique en mati\u00e8re de cookies<\/a><\/li><li class=\"elementor-sitemap-item elementor-sitemap-item-page page_item page-item-3071\"><a href=\"https:\/\/n8n.wwwarcelona.net\/fr\/avis-juridique\/\">Avis juridique<\/a><\/li><li class=\"elementor-sitemap-item elementor-sitemap-item-page page_item page-item-3105\"><a href=\"https:\/\/n8n.wwwarcelona.net\/fr\/politique-de-confidentialite\/\">Politique de confidentialit\u00e9<\/a><\/li><\/ul><\/div><\/div>\t\t\t\t<\/div>\n\t\t\t\t<\/div>\n\t\t\t\t<\/div>\n\t\t<div class=\"elementor-element elementor-element-5ed7443 e-con-full e-flex e-con e-child\" data-id=\"5ed7443\" data-element_type=\"container\" data-e-type=\"container\">\n\t\t\t\t<div class=\"elementor-element elementor-element-2c15576 elementor-widget elementor-widget-heading\" data-id=\"2c15576\" data-element_type=\"widget\" data-e-type=\"widget\" data-widget_type=\"heading.default\">\n\t\t\t\t<div class=\"elementor-widget-container\">\n\t\t\t\t\t<h2 class=\"elementor-heading-title elementor-size-default\">Cat\u00e9gories<\/h2>\t\t\t\t<\/div>\n\t\t\t\t<\/div>\n\t\t\t\t<div class=\"elementor-element elementor-element-4fa5efd elementor-widget elementor-widget-sitemap\" data-id=\"4fa5efd\" data-element_type=\"widget\" data-e-type=\"widget\" data-widget_type=\"sitemap.default\">\n\t\t\t\t<div class=\"elementor-widget-container\">\n\t\t\t\t\t<div class=\"elementor-sitemap-wrap\"><div class=\"elementor-sitemap-section\"><h2 class=\"elementor-sitemap-title elementor-sitemap-category-title\">-<\/h2><span class=\"elementor-sitemap-list elementor-sitemap-category-list\">Aucun<\/span><\/div><\/div>\t\t\t\t<\/div>\n\t\t\t\t<\/div>\n\t\t\t\t<\/div>\n\t\t\t\t\t<\/div>\n\t\t\t\t<\/div>\n\t\t\t\t<\/div>\n\t\t","protected":false},"excerpt":{"rendered":"<p>Pages Cat\u00e9gories<\/p>\n","protected":false},"author":7,"featured_media":0,"parent":0,"menu_order":0,"comment_status":"closed","ping_status":"closed","template":"","meta":{"_acf_changed":false,"inline_featured_image":false,"footnotes":""},"tags":[],"class_list":["post-3094","page","type-page","status-publish","hentry"],"acf":[],"yoast_head":"<!-- This site is optimized with the Yoast SEO plugin v27.4 - https:\/\/yoast.com\/product\/yoast-seo-wordpress\/ -->\n<title>\u25b7Plan du site - \u3010 n8n wwwarcelona \u3011<\/title>\n<meta name=\"description\" content=\"Pages     Cat\u00e9gories \u2713\" \/>\n<meta name=\"robots\" content=\"noindex, nofollow\" \/>\n<meta property=\"og:locale\" content=\"fr_FR\" \/>\n<meta property=\"og:type\" content=\"article\" \/>\n<meta property=\"og:title\" content=\"\u25b7Plan du site - \u3010 n8n wwwarcelona \u3011\" \/>\n<meta property=\"og:description\" content=\"Pages     Cat\u00e9gories \u2713\" \/>\n<meta property=\"og:url\" content=\"https:\/\/n8n.wwwarcelona.net\/fr\/plan-du-site\/\" \/>\n<meta property=\"og:site_name\" content=\"n8n wwwarcelona\" \/>\n<meta property=\"article:modified_time\" content=\"2025-05-22T09:07:50+00:00\" \/>\n<meta name=\"twitter:card\" content=\"summary_large_image\" \/>\n<meta name=\"twitter:label1\" content=\"Dur\u00e9e de lecture estim\u00e9e\" \/>\n\t<meta name=\"twitter:data1\" content=\"1 minute\" \/>\n<!-- \/ Yoast SEO plugin. -->","yoast_head_json":{"title":"\u25b7Plan du site - \u3010 n8n wwwarcelona \u3011","description":"Pages     Cat\u00e9gories \u2713","robots":{"index":"noindex","follow":"nofollow"},"og_locale":"fr_FR","og_type":"article","og_title":"\u25b7Plan du site - \u3010 n8n wwwarcelona \u3011","og_description":"Pages     Cat\u00e9gories \u2713","og_url":"https:\/\/n8n.wwwarcelona.net\/fr\/plan-du-site\/","og_site_name":"n8n wwwarcelona","article_modified_time":"2025-05-22T09:07:50+00:00","twitter_card":"summary_large_image","twitter_misc":{"Dur\u00e9e de lecture estim\u00e9e":"1 minute"},"schema":{"@context":"https:\/\/schema.org","@graph":[{"@type":"WebPage","@id":"https:\/\/n8n.wwwarcelona.net\/fr\/plan-du-site\/","url":"https:\/\/n8n.wwwarcelona.net\/fr\/plan-du-site\/","name":"\u25b7Plan du site - \u3010 n8n wwwarcelona \u3011","isPartOf":{"@id":"https:\/\/n8n.wwwarcelona.net\/fr\/#website"},"datePublished":"2023-06-16T13:36:36+00:00","dateModified":"2025-05-22T09:07:50+00:00","description":"Pages Cat\u00e9gories \u2713","breadcrumb":{"@id":"https:\/\/n8n.wwwarcelona.net\/fr\/plan-du-site\/#breadcrumb"},"inLanguage":"fr-FR","potentialAction":[{"@type":"ReadAction","target":["https:\/\/n8n.wwwarcelona.net\/fr\/plan-du-site\/"]}]},{"@type":"BreadcrumbList","@id":"https:\/\/n8n.wwwarcelona.net\/fr\/plan-du-site\/#breadcrumb","itemListElement":[{"@type":"ListItem","position":1,"name":"Portada","item":"https:\/\/n8n.wwwarcelona.net\/fr\/accueil\/"},{"@type":"ListItem","position":2,"name":"Plan du site"}]},{"@type":"WebSite","@id":"https:\/\/n8n.wwwarcelona.net\/fr\/#website","url":"https:\/\/n8n.wwwarcelona.net\/fr\/","name":"n8n wwwarcelona","description":"Disseny de Webs i APPs per Empreses","potentialAction":[{"@type":"SearchAction","target":{"@type":"EntryPoint","urlTemplate":"https:\/\/n8n.wwwarcelona.net\/fr\/?s={search_term_string}"},"query-input":{"@type":"PropertyValueSpecification","valueRequired":true,"valueName":"search_term_string"}}],"inLanguage":"fr-FR"}]}},"_links":{"self":[{"href":"https:\/\/n8n.wwwarcelona.net\/fr\/wp-json\/wp\/v2\/pages\/3094","targetHints":{"allow":["GET"]}}],"collection":[{"href":"https:\/\/n8n.wwwarcelona.net\/fr\/wp-json\/wp\/v2\/pages"}],"about":[{"href":"https:\/\/n8n.wwwarcelona.net\/fr\/wp-json\/wp\/v2\/types\/page"}],"author":[{"embeddable":true,"href":"https:\/\/n8n.wwwarcelona.net\/fr\/wp-json\/wp\/v2\/users\/7"}],"replies":[{"embeddable":true,"href":"https:\/\/n8n.wwwarcelona.net\/fr\/wp-json\/wp\/v2\/comments?post=3094"}],"version-history":[{"count":5,"href":"https:\/\/n8n.wwwarcelona.net\/fr\/wp-json\/wp\/v2\/pages\/3094\/revisions"}],"predecessor-version":[{"id":3308,"href":"https:\/\/n8n.wwwarcelona.net\/fr\/wp-json\/wp\/v2\/pages\/3094\/revisions\/3308"}],"wp:attachment":[{"href":"https:\/\/n8n.wwwarcelona.net\/fr\/wp-json\/wp\/v2\/media?parent=3094"}],"wp:term":[{"taxonomy":"post_tag","embeddable":true,"href":"https:\/\/n8n.wwwarcelona.net\/fr\/wp-json\/wp\/v2\/tags?post=3094"}],"curies":[{"name":"wp","href":"https:\/\/api.w.org\/{rel}","templated":true}]}}