{"id":3091,"date":"2023-06-16T15:36:55","date_gmt":"2023-06-16T13:36:55","guid":{"rendered":"https:\/\/n8n.wwwarcelona.net\/politique-daccessibilite\/"},"modified":"2025-05-16T10:00:42","modified_gmt":"2025-05-16T08:00:42","slug":"politique-daccessibilite","status":"publish","type":"page","link":"https:\/\/n8n.wwwarcelona.net\/fr\/politique-daccessibilite\/","title":{"rendered":"Politique d&#8217;accessibilit\u00e9"},"content":{"rendered":"\t\t<div data-elementor-type=\"wp-page\" data-elementor-id=\"3091\" class=\"elementor elementor-3091 elementor-325\" data-elementor-post-type=\"page\">\n\t\t\t\t\t\t<section class=\"elementor-section elementor-top-section elementor-element elementor-element-98e1df3 elementor-section-boxed elementor-section-height-default elementor-section-height-default\" data-id=\"98e1df3\" data-element_type=\"section\" data-e-type=\"section\">\n\t\t\t\t\t\t<div class=\"elementor-container elementor-column-gap-default\">\n\t\t\t\t\t<div class=\"elementor-column elementor-col-100 elementor-top-column elementor-element elementor-element-f27ba1f\" data-id=\"f27ba1f\" data-element_type=\"column\" data-e-type=\"column\">\n\t\t\t<div class=\"elementor-widget-wrap elementor-element-populated\">\n\t\t\t\t\t\t<div class=\"elementor-element elementor-element-b4c043b elementor-widget elementor-widget-text-editor\" data-id=\"b4c043b\" data-element_type=\"widget\" data-e-type=\"widget\" data-widget_type=\"text-editor.default\">\n\t\t\t\t<div class=\"elementor-widget-container\">\n\t\t\t\t\t\t\t\t\t<p>Code Biting S.L. s&#8217;engage \u00e0 rendre son site web accessible conform\u00e9ment \u00e0 l&#8217;arr\u00eat\u00e9 royal 1112\/2018, du 7 septembre, relatif \u00e0 l&#8217;accessibilit\u00e9 des sites web et des applications du secteur public pour les appareils mobiles, ou aux d\u00e9veloppements financ\u00e9s par l&#8217;Europe.<\/p><p>Cette d\u00e9claration d&#8217;accessibilit\u00e9 s&#8217;applique au site web <a href=\"https:\/\/n8n.wwwarcelona.net\/fr\/\">codebiting.wwwarcelona.net<\/a>, \u00e0 l&#8217;exclusion du contenu int\u00e9gr\u00e9 dans d&#8217;autres domaines.<\/p><h3><strong>\u00c9tat de conformit\u00e9<\/strong><\/h3><p>Ce site web est partiellement conforme au RD 1112\/2018 en raison de la non-conformit\u00e9 des aspects suivants.<\/p><h3><strong>Contenu non accessible<\/strong><\/h3><p>Le contenu ci-dessous n&#8217;est pas accessible pour les raisons suivantes :<\/p><ul><li>Non-conformit\u00e9 :<\/li><li>Il peut y avoir des images pour lesquelles l&#8217;alternative n&#8217;est pas impl\u00e9ment\u00e9e ou n&#8217;est pas correcte &#8211; &#8211; Exigence 9.1.1.1 Contenu non textuel UNE-EN 301549:2022<\/li><li>Dans les formulaires, il peut y avoir des champs qui n&#8217;ont pas \u00e9t\u00e9 facilit\u00e9s par des syst\u00e8mes automatis\u00e9s &#8211; Exigence 9.1.3.5 Identifier le but de l&#8217;entr\u00e9e UNE-EN 301549:2022<\/li><li>Il peut y avoir des \u00e9l\u00e9ments avec un contraste insuffisant sur certaines pages &#8211; Exigence 9.1.4.3 Contraste UNE-EN 301549:2020<\/li><li>Il peut y avoir des champs de formulaire o\u00f9 votre \u00e9tiquette n&#8217;est pas correcte ou n&#8217;existe pas &#8211; Exigence num\u00e9ro 9.3.3.2 \u00c9tiquettes ou instructions de la norme UNE-EN 301549:2022<\/li><li>Certaines erreurs d&#8217;analyse peuvent exister dans le code &#8211; Num\u00e9ro d&#8217;exigence 9.4.1.1.1 Traitement de la UNE-EN 301549:2022<\/li><li>Certaines pages web peuvent contenir des erreurs d&#8217;\u00e9dition occasionnelles.<\/li><li>Charge disproportionn\u00e9e : sans objet.<\/li><li>Le contenu n&#8217;entre pas dans le champ d&#8217;application de la loi applicable.<br>Il peut y avoir des fichiers bureautiques en PDF ou autres formats publi\u00e9s avant le 20 septembre 2018 qui ne sont pas enti\u00e8rement conformes \u00e0 toutes les exigences d&#8217;accessibilit\u00e9.<br>Il peut y avoir du contenu de tiers qui n&#8217;est pas d\u00e9velopp\u00e9 par ou sous le contr\u00f4le de cette unit\u00e9, tels que des fichiers bureautiques provenant de diff\u00e9rentes agences qui doivent \u00eatre publi\u00e9s sur ce site.<\/li><\/ul><h3><strong>Remarques et coordonn\u00e9es<\/strong><\/h3><ul><li>Vous pouvez faire des communications sur les exigences d&#8217;accessibilit\u00e9 [article 10.2.a) du RD 1112\/2018] comme, par exemple :<br>Signaler toute non-conformit\u00e9 possible de la part de ce site web.<\/li><li>Transmettre d&#8217;autres difficult\u00e9s d&#8217;acc\u00e8s au contenu.<\/li><li>Formulez toute autre question ou suggestion d&#8217;am\u00e9lioration concernant l&#8217;accessibilit\u00e9 du site web par le biais du <a href=\"mailto:info@n8n.wwwarcelona.net\">site info@n8n.wwwarcelona.net<\/a> ou en appelant 934949494 de 9 heures \u00e0 14 heures du lundi au vendredi.<\/li><\/ul><h3><strong>Vous pouvez soumettre votre candidature :<\/strong><\/h3><ul><li>Une plainte concernant le respect des exigences du RD 1112\/2018<\/li><li>Une demande d&#8217;informations accessibles concernant<ul><li>Contenu exclu du champ d&#8217;application du RD 1112\/2018 conform\u00e9ment \u00e0 l&#8217;article 3, paragraphe 4.<\/li><li>Contenu qui est exempt\u00e9 des exigences d&#8217;accessibilit\u00e9 parce qu&#8217;il impose une charge disproportionn\u00e9e.<\/li><\/ul><\/li><\/ul><p>La demande d&#8217;informations accessibles doit clairement exposer les faits, les raisons et la demande, de mani\u00e8re \u00e0 \u00e9tablir que la demande est raisonnable et l\u00e9gitime.<\/p>\t\t\t\t\t\t\t\t<\/div>\n\t\t\t\t<\/div>\n\t\t\t\t\t<\/div>\n\t\t<\/div>\n\t\t\t\t\t<\/div>\n\t\t<\/section>\n\t\t\t\t<\/div>\n\t\t","protected":false},"excerpt":{"rendered":"<p>Code Biting S.L. s&#8217;engage \u00e0 rendre son site web accessible conform\u00e9ment \u00e0 l&#8217;arr\u00eat\u00e9 royal 1112\/2018, du 7 septembre, relatif \u00e0 l&#8217;accessibilit\u00e9 des sites web et des applications du secteur public pour les appareils mobiles, ou aux d\u00e9veloppements financ\u00e9s par l&#8217;Europe. Cette d\u00e9claration d&#8217;accessibilit\u00e9 s&#8217;applique au site web codebiting.wwwarcelona.net, \u00e0 l&#8217;exclusion du contenu int\u00e9gr\u00e9 dans d&#8217;autres [&hellip;]<\/p>\n","protected":false},"author":7,"featured_media":0,"parent":0,"menu_order":0,"comment_status":"closed","ping_status":"closed","template":"","meta":{"_acf_changed":false,"inline_featured_image":false,"footnotes":""},"tags":[],"class_list":["post-3091","page","type-page","status-publish","hentry"],"acf":[],"yoast_head":"<!-- This site is optimized with the Yoast SEO plugin v27.4 - https:\/\/yoast.com\/product\/yoast-seo-wordpress\/ -->\n<title>\u25b7Politique d&#039;accessibilit\u00e9 - \u3010 n8n wwwarcelona \u3011<\/title>\n<meta name=\"description\" content=\"Code Biting S.L. s&#039;engage \u00e0 rendre son site web accessible conform\u00e9ment \u00e0 l&#039;arr\u00eat\u00e9 royal 1112\/2018, du 7 septembre, relatif \u00e0 l&#039;accessibilit\u00e9 des sites \u2713\" \/>\n<meta name=\"robots\" content=\"noindex, nofollow\" \/>\n<meta property=\"og:locale\" content=\"fr_FR\" \/>\n<meta property=\"og:type\" content=\"article\" \/>\n<meta property=\"og:title\" content=\"\u25b7Politique d&#039;accessibilit\u00e9 - \u3010 n8n wwwarcelona \u3011\" \/>\n<meta property=\"og:description\" content=\"Code Biting S.L. s&#039;engage \u00e0 rendre son site web accessible conform\u00e9ment \u00e0 l&#039;arr\u00eat\u00e9 royal 1112\/2018, du 7 septembre, relatif \u00e0 l&#039;accessibilit\u00e9 des sites \u2713\" \/>\n<meta property=\"og:url\" content=\"https:\/\/n8n.wwwarcelona.net\/fr\/politique-daccessibilite\/\" \/>\n<meta property=\"og:site_name\" content=\"n8n wwwarcelona\" \/>\n<meta property=\"article:modified_time\" content=\"2025-05-16T08:00:42+00:00\" \/>\n<meta name=\"twitter:card\" content=\"summary_large_image\" \/>\n<meta name=\"twitter:label1\" content=\"Dur\u00e9e de lecture estim\u00e9e\" \/>\n\t<meta name=\"twitter:data1\" content=\"2 minutes\" \/>\n<!-- \/ Yoast SEO plugin. -->","yoast_head_json":{"title":"\u25b7Politique d'accessibilit\u00e9 - \u3010 n8n wwwarcelona \u3011","description":"Code Biting S.L. s'engage \u00e0 rendre son site web accessible conform\u00e9ment \u00e0 l'arr\u00eat\u00e9 royal 1112\/2018, du 7 septembre, relatif \u00e0 l'accessibilit\u00e9 des sites \u2713","robots":{"index":"noindex","follow":"nofollow"},"og_locale":"fr_FR","og_type":"article","og_title":"\u25b7Politique d'accessibilit\u00e9 - \u3010 n8n wwwarcelona \u3011","og_description":"Code Biting S.L. s'engage \u00e0 rendre son site web accessible conform\u00e9ment \u00e0 l'arr\u00eat\u00e9 royal 1112\/2018, du 7 septembre, relatif \u00e0 l'accessibilit\u00e9 des sites \u2713","og_url":"https:\/\/n8n.wwwarcelona.net\/fr\/politique-daccessibilite\/","og_site_name":"n8n wwwarcelona","article_modified_time":"2025-05-16T08:00:42+00:00","twitter_card":"summary_large_image","twitter_misc":{"Dur\u00e9e de lecture estim\u00e9e":"2 minutes"},"schema":{"@context":"https:\/\/schema.org","@graph":[{"@type":"WebPage","@id":"https:\/\/n8n.wwwarcelona.net\/fr\/politique-daccessibilite\/","url":"https:\/\/n8n.wwwarcelona.net\/fr\/politique-daccessibilite\/","name":"\u25b7Politique d'accessibilit\u00e9 - \u3010 n8n wwwarcelona \u3011","isPartOf":{"@id":"https:\/\/n8n.wwwarcelona.net\/fr\/#website"},"datePublished":"2023-06-16T13:36:55+00:00","dateModified":"2025-05-16T08:00:42+00:00","description":"Code Biting S.L. s'engage \u00e0 rendre son site web accessible conform\u00e9ment \u00e0 l'arr\u00eat\u00e9 royal 1112\/2018, du 7 septembre, relatif \u00e0 l'accessibilit\u00e9 des sites \u2713","breadcrumb":{"@id":"https:\/\/n8n.wwwarcelona.net\/fr\/politique-daccessibilite\/#breadcrumb"},"inLanguage":"fr-FR","potentialAction":[{"@type":"ReadAction","target":["https:\/\/n8n.wwwarcelona.net\/fr\/politique-daccessibilite\/"]}]},{"@type":"BreadcrumbList","@id":"https:\/\/n8n.wwwarcelona.net\/fr\/politique-daccessibilite\/#breadcrumb","itemListElement":[{"@type":"ListItem","position":1,"name":"Portada","item":"https:\/\/n8n.wwwarcelona.net\/fr\/accueil\/"},{"@type":"ListItem","position":2,"name":"Politique d&rsquo;accessibilit\u00e9"}]},{"@type":"WebSite","@id":"https:\/\/n8n.wwwarcelona.net\/fr\/#website","url":"https:\/\/n8n.wwwarcelona.net\/fr\/","name":"n8n wwwarcelona","description":"Disseny de Webs i APPs per Empreses","potentialAction":[{"@type":"SearchAction","target":{"@type":"EntryPoint","urlTemplate":"https:\/\/n8n.wwwarcelona.net\/fr\/?s={search_term_string}"},"query-input":{"@type":"PropertyValueSpecification","valueRequired":true,"valueName":"search_term_string"}}],"inLanguage":"fr-FR"}]}},"_links":{"self":[{"href":"https:\/\/n8n.wwwarcelona.net\/fr\/wp-json\/wp\/v2\/pages\/3091","targetHints":{"allow":["GET"]}}],"collection":[{"href":"https:\/\/n8n.wwwarcelona.net\/fr\/wp-json\/wp\/v2\/pages"}],"about":[{"href":"https:\/\/n8n.wwwarcelona.net\/fr\/wp-json\/wp\/v2\/types\/page"}],"author":[{"embeddable":true,"href":"https:\/\/n8n.wwwarcelona.net\/fr\/wp-json\/wp\/v2\/users\/7"}],"replies":[{"embeddable":true,"href":"https:\/\/n8n.wwwarcelona.net\/fr\/wp-json\/wp\/v2\/comments?post=3091"}],"version-history":[{"count":1,"href":"https:\/\/n8n.wwwarcelona.net\/fr\/wp-json\/wp\/v2\/pages\/3091\/revisions"}],"predecessor-version":[{"id":3092,"href":"https:\/\/n8n.wwwarcelona.net\/fr\/wp-json\/wp\/v2\/pages\/3091\/revisions\/3092"}],"wp:attachment":[{"href":"https:\/\/n8n.wwwarcelona.net\/fr\/wp-json\/wp\/v2\/media?parent=3091"}],"wp:term":[{"taxonomy":"post_tag","embeddable":true,"href":"https:\/\/n8n.wwwarcelona.net\/fr\/wp-json\/wp\/v2\/tags?post=3091"}],"curies":[{"name":"wp","href":"https:\/\/api.w.org\/{rel}","templated":true}]}}