{"id":3088,"date":"2021-10-18T07:29:35","date_gmt":"2021-10-18T05:29:35","guid":{"rendered":"https:\/\/n8n.wwwarcelona.net\/politique-en-matiere-de-cookies\/"},"modified":"2025-05-16T10:00:42","modified_gmt":"2025-05-16T08:00:42","slug":"politique-en-matiere-de-cookies","status":"publish","type":"page","link":"https:\/\/n8n.wwwarcelona.net\/fr\/politique-en-matiere-de-cookies\/","title":{"rendered":"Politique en mati\u00e8re de cookies"},"content":{"rendered":"\t\t<div data-elementor-type=\"wp-page\" data-elementor-id=\"3088\" class=\"elementor elementor-3088 elementor-99\" data-elementor-post-type=\"page\">\n\t\t\t\t\t\t<section class=\"elementor-section elementor-top-section elementor-element elementor-element-1dee3be elementor-section-boxed elementor-section-height-default elementor-section-height-default\" data-id=\"1dee3be\" data-element_type=\"section\" data-e-type=\"section\">\n\t\t\t\t\t\t<div class=\"elementor-container elementor-column-gap-default\">\n\t\t\t\t\t<div class=\"elementor-column elementor-col-100 elementor-top-column elementor-element elementor-element-07f65ab\" data-id=\"07f65ab\" data-element_type=\"column\" data-e-type=\"column\">\n\t\t\t<div class=\"elementor-widget-wrap elementor-element-populated\">\n\t\t\t\t\t\t<div class=\"elementor-element elementor-element-5270b29 elementor-widget elementor-widget-heading\" data-id=\"5270b29\" data-element_type=\"widget\" data-e-type=\"widget\" data-widget_type=\"heading.default\">\n\t\t\t\t<div class=\"elementor-widget-container\">\n\t\t\t\t\t<h1 class=\"elementor-heading-title elementor-size-default\"><b>POLITIQUE EN MATI\u00c8RE DE COOKIES ET STOCKAGE LOCAL<\/b><\/h1>\t\t\t\t<\/div>\n\t\t\t\t<\/div>\n\t\t\t\t\t<\/div>\n\t\t<\/div>\n\t\t\t\t\t<\/div>\n\t\t<\/section>\n\t\t<div class=\"elementor-element elementor-element-a679816 e-flex e-con-boxed e-con e-parent\" data-id=\"a679816\" data-element_type=\"container\" data-e-type=\"container\">\n\t\t\t\t\t<div class=\"e-con-inner\">\n\t\t\t\t<div class=\"elementor-element elementor-element-b7ba3c6 elementor-widget elementor-widget-text-editor\" data-id=\"b7ba3c6\" data-element_type=\"widget\" data-e-type=\"widget\" data-widget_type=\"text-editor.default\">\n\t\t\t\t<div class=\"elementor-widget-container\">\n\t\t\t\t\t\t\t\t\t<h3><strong>POLITIQUE EN MATI\u00c8RE DE COOKIES ET STOCKAGE LOCAL<\/strong><\/h3><p>Ce site web utilise des cookies et des technologies similaires pour fournir le service, ainsi que pour nous permettre d&#8217;am\u00e9liorer le service en obtenant des statistiques sur l&#8217;utilisation et \u00e0 d&#8217;autres fins.<\/p><p>La navigation sur ce site implique n\u00e9cessairement l&#8217;utilisation de cookies et de technologies similaires dans la mesure n\u00e9cessaire \u00e0 son fonctionnement. De m\u00eame, pour certaines finalit\u00e9s, les cookies et le stockage local seront soumis \u00e0 votre consentement pr\u00e9alable. Vous pouvez accepter ou refuser les cookies par le biais du syst\u00e8me de configuration \u00e9tabli et il est \u00e9galement possible de configurer votre navigateur pour emp\u00eacher leur utilisation.  <\/p><p>Cette politique fait partie de notre politique de confidentialit\u00e9 et comprend les \u00e9l\u00e9ments suivants :<\/p><ul><li>Qu&#8217;est-ce qu&#8217;un biscuit ?<\/li><li>\u00c0 quoi servent les cookies ?<\/li><li>Qu&#8217;entendons-nous par &#8220;technologies de type cookie&#8221; ?<\/li><li>Que sont les cookies de tiers et qui sont les destinataires des informations ? <\/li><li>Quelles fonctions et caract\u00e9ristiques de tiers utilisons-nous sur notre site web ?<\/li><li>Combien de temps les cookies ou technologies similaires restent-ils actifs ?<\/li><li>Utilisation de navigateurs avec mode de navigation priv\u00e9e.<\/li><li>Comment emp\u00eacher l&#8217;utilisation de cookies et comment les supprimer ?<\/li><\/ul><h3><strong>Qu&#8217;est-ce qu&#8217;un biscuit ?<\/strong><\/h3><p>Les cookies sont de petits fichiers temporaires qui sont cr\u00e9\u00e9s sur l&#8217;appareil de l&#8217;utilisateur (ordinateur, t\u00e9l\u00e9phone, tablette, etc.) lorsque vous visitez un site web. Ils permettent de stocker ou de r\u00e9cup\u00e9rer des informations lors de votre navigation, par exemple pour enregistrer vos pr\u00e9f\u00e9rences, vous reconna\u00eetre lors de visites ult\u00e9rieures ou collecter des informations sur vos habitudes de navigation. <\/p><p>Lorsqu&#8217;un site web cr\u00e9e un cookie sur votre appareil, il stocke l&#8217;adresse\/le domaine du site web, la dur\u00e9e du cookie (qui peut aller de quelques minutes \u00e0 plusieurs ann\u00e9es) et le contenu du cookie. Vous pouvez d\u00e9sactiver les cookies \u00e0 tout moment en utilisant les param\u00e8tres de ce site web ou en configurant votre navigateur pour emp\u00eacher leur utilisation. <\/p><h3><strong>\u00c0 quoi servent les cookies ?<\/strong><\/h3><p>Les utilisations ou objectifs les plus courants sont les suivants :<\/p><ul><li><strong>Cookies techniques essentiels :<\/strong> pour g\u00e9rer le flux de navigation \u00e0 l&#8217;int\u00e9rieur du site web ou pour permettre \u00e0 l&#8217;utilisateur de rester connect\u00e9. En les d\u00e9sactivant, il est possible que certaines sections ne fonctionnent pas correctement. <\/li><li><strong>Cookies de personnalisation :<\/strong> n\u00e9cessaires pour m\u00e9moriser certaines pr\u00e9f\u00e9rences de l&#8217;utilisateur.<\/li><li><strong>Cookies analytiques : ils<\/strong> nous aident \u00e0 collecter des informations sur l&#8217;origine des utilisateurs et la mani\u00e8re dont ils naviguent sur le site web afin d&#8217;effectuer des analyses statistiques et d&#8217;am\u00e9liorer la structure et le contenu.<\/li><li><strong>Cookies publicitaires :<\/strong> pour g\u00e9rer les publicit\u00e9s qui apparaissent sur le site web et d\u00e9cider de leur contenu ou de leur fr\u00e9quence.<\/li><li><strong>Cookies de publicit\u00e9 comportementale :<\/strong> ils recueillent les habitudes de navigation de l&#8217;utilisateur afin de cr\u00e9er un profil d&#8217;int\u00e9r\u00eat et d&#8217;afficher des publicit\u00e9s sur mesure.<\/li><li><strong>Cookies de partage social :<\/strong> ils identifient l&#8217;utilisateur dans ses r\u00e9seaux sociaux afin de partager du contenu.<\/li><\/ul><h3><strong>Qu&#8217;entendons-nous par &#8220;technologies de type cookie&#8221; ?<\/strong><\/h3><p>D\u00e9signe tout m\u00e9canisme permettant de stocker et de r\u00e9cup\u00e9rer des donn\u00e9es sur l&#8217;appareil de l&#8217;utilisateur. Les plus courants sont les suivants : <\/p><ul><li><strong>Stockage local du navigateur :<\/strong> tel que &#8220;sessionStorage&#8221; et &#8220;localStorage&#8221;.<\/li><li><strong>Stockage local des plug-ins du navigateur :<\/strong> exemple : Flash Local Shared Objects ou Silverlight Isolated Objects.<\/li><li><strong>Balises web :<\/strong> images h\u00e9berg\u00e9es sur des serveurs qui permettent d&#8217;enregistrer les visites de pages ou de courriers \u00e9lectroniques.<\/li><li><strong>Empreinte digitale :<\/strong> Combinaison d&#8217;informations provenant du navigateur ou de l&#8217;appareil pour identifier l&#8217;utilisateur lors de visites successives.<\/li><\/ul><h3><strong>Que sont les cookies de tiers et qui sont les destinataires des informations ? <\/strong><\/h3><p>Les cookies sont class\u00e9s comme suit :<\/p><ul><li><strong>Cookies propres :<\/strong> cr\u00e9\u00e9s et g\u00e9r\u00e9s \u00e0 partir de notre domaine.<\/li><li><strong>Cookies de tiers :<\/strong> cr\u00e9\u00e9s et g\u00e9r\u00e9s par d&#8217;autres sites web, offrant des fonctionnalit\u00e9s telles que des cartes interactives, des vid\u00e9os, des boutons de m\u00e9dias sociaux ou des publicit\u00e9s personnalis\u00e9es. Ces cookies sont sous le contr\u00f4le du tiers qui les fournit. <\/li><\/ul><h3><strong>Quelles fonctions et caract\u00e9ristiques de tiers utilisons-nous sur notre site web ?<\/strong><\/h3><p>Vous trouverez ci-dessous un tableau r\u00e9capitulatif des cookies utilis\u00e9s sur notre site :<\/p><table><thead><tr><th>Cookie<\/th><th>Type de cookie<\/th><th>Dur\u00e9e du cookie<\/th><th>Description du cookie<\/th><\/tr><\/thead><tbody><tr><td>__cf_bm<\/td><td>A partir de la session<\/td><td>1 heure<\/td><td>Prise en charge de la gestion des robots par Cloudflare.<\/td><\/tr><tr><td>cookielawinfo-checkbox-analytics<\/td><td>Persistant<\/td><td>11 mois<\/td><td>Stocke le consentement pour les cookies analytiques.<\/td><\/tr><tr><td>cookielawinfo-checkbox-functional<\/td><td>Persistant<\/td><td>11 mois<\/td><td>Stocke le consentement pour les cookies fonctionnels.<\/td><\/tr><tr><td>cookielawinfo-checkbox-necessary<\/td><td>Persistant<\/td><td>11 mois<\/td><td>Stocke le consentement pour les cookies n\u00e9cessaires.<\/td><\/tr><tr><td>politique_cookie_vu<\/td><td>Persistant<\/td><td>11 mois<\/td><td>Indique si l&#8217;utilisateur a consenti \u00e0 l&#8217;utilisation de cookies.<\/td><\/tr><\/tbody><\/table><h3><strong>Combien de temps les cookies ou technologies similaires restent-ils actifs ?<\/strong><\/h3><p>Les cookies peuvent \u00eatre :<\/p><ul><li><strong>Cookies de session temporaires :<\/strong> ils sont supprim\u00e9s lorsque le navigateur est ferm\u00e9.<\/li><li><strong>Persistantes :<\/strong> Elles sont conserv\u00e9es jusqu&#8217;\u00e0 ce qu&#8217;elles expirent ou qu&#8217;elles soient supprim\u00e9es manuellement.<\/li><\/ul><h3><strong>Comment emp\u00eacher l&#8217;utilisation de cookies et comment les supprimer ?<\/strong><\/h3><p>Vous pouvez d\u00e9finir vos pr\u00e9f\u00e9rences \u00e0 tout moment en utilisant le syst\u00e8me de configuration des cookies int\u00e9gr\u00e9 \u00e0 ce site web. En outre, la plupart des navigateurs vous permettent de d\u00e9sactiver les cookies globalement ou par domaines sp\u00e9cifiques. Veuillez consulter l&#8217;aide de votre navigateur :  <\/p><ul><li><a href=\"https:\/\/support.google.com\/chrome\/answer\/95647?hl=es\">Chrome<\/a><\/li><li><a href=\"https:\/\/privacy.microsoft.com\/es-es\/windows-10-microsoft-edge-and-privacy\">Microsoft Edge<\/a><\/li><li><a href=\"https:\/\/support.mozilla.org\/es\/kb\/habilitar-y-deshabilitar-cookies-sitios-web-rastrear-preferencias\">Firefox<\/a><\/li><li><a href=\"https:\/\/support.apple.com\/kb\/PH17191?viewlocale=es_ES&amp;locale=es_ES\">Safari<\/a><\/li><li><a href=\"http:\/\/www.opera.com\/es\/help\">Op\u00e9ra<\/a><\/li><\/ul><p>Pour plus d&#8217;informations, veuillez consulter notre politique de confidentialit\u00e9.<\/p>\t\t\t\t\t\t\t\t<\/div>\n\t\t\t\t<\/div>\n\t\t\t\t\t<\/div>\n\t\t\t\t<\/div>\n\t\t\t\t<\/div>\n\t\t","protected":false},"excerpt":{"rendered":"<p>POLITIQUE EN MATI\u00c8RE DE COOKIES ET STOCKAGE LOCAL POLITIQUE EN MATI\u00c8RE DE COOKIES ET STOCKAGE LOCAL Ce site web utilise des cookies et des technologies similaires pour fournir le service, ainsi que pour nous permettre d&#8217;am\u00e9liorer le service en obtenant des statistiques sur l&#8217;utilisation et \u00e0 d&#8217;autres fins. La navigation sur ce site implique n\u00e9cessairement [&hellip;]<\/p>\n","protected":false},"author":7,"featured_media":0,"parent":0,"menu_order":0,"comment_status":"closed","ping_status":"closed","template":"","meta":{"_acf_changed":false,"inline_featured_image":false,"footnotes":""},"tags":[],"class_list":["post-3088","page","type-page","status-publish","hentry"],"acf":[],"yoast_head":"<!-- This site is optimized with the Yoast SEO plugin v27.4 - https:\/\/yoast.com\/product\/yoast-seo-wordpress\/ -->\n<title>\u25b7Politique en mati\u00e8re de cookies - \u3010 n8n wwwarcelona \u3011<\/title>\n<meta name=\"description\" content=\"POLITIQUE EN MATI\u00c8RE DE COOKIES ET STOCKAGE LOCAL POLITIQUE EN MATI\u00c8RE DE COOKIES ET STOCKAGE LOCALCe site web utilise des cookies et des technologies \u2713\" \/>\n<meta name=\"robots\" content=\"noindex, nofollow\" \/>\n<meta property=\"og:locale\" content=\"fr_FR\" \/>\n<meta property=\"og:type\" content=\"article\" \/>\n<meta property=\"og:title\" content=\"\u25b7Politique en mati\u00e8re de cookies - \u3010 n8n wwwarcelona \u3011\" \/>\n<meta property=\"og:description\" content=\"POLITIQUE EN MATI\u00c8RE DE COOKIES ET STOCKAGE LOCAL POLITIQUE EN MATI\u00c8RE DE COOKIES ET STOCKAGE LOCALCe site web utilise des cookies et des technologies \u2713\" \/>\n<meta property=\"og:url\" content=\"https:\/\/n8n.wwwarcelona.net\/fr\/politique-en-matiere-de-cookies\/\" \/>\n<meta property=\"og:site_name\" content=\"n8n wwwarcelona\" \/>\n<meta property=\"article:modified_time\" content=\"2025-05-16T08:00:42+00:00\" \/>\n<meta name=\"twitter:card\" content=\"summary_large_image\" \/>\n<meta name=\"twitter:label1\" content=\"Dur\u00e9e de lecture estim\u00e9e\" \/>\n\t<meta name=\"twitter:data1\" content=\"4 minutes\" \/>\n<!-- \/ Yoast SEO plugin. -->","yoast_head_json":{"title":"\u25b7Politique en mati\u00e8re de cookies - \u3010 n8n wwwarcelona \u3011","description":"POLITIQUE EN MATI\u00c8RE DE COOKIES ET STOCKAGE LOCAL POLITIQUE EN MATI\u00c8RE DE COOKIES ET STOCKAGE LOCALCe site web utilise des cookies et des technologies \u2713","robots":{"index":"noindex","follow":"nofollow"},"og_locale":"fr_FR","og_type":"article","og_title":"\u25b7Politique en mati\u00e8re de cookies - \u3010 n8n wwwarcelona \u3011","og_description":"POLITIQUE EN MATI\u00c8RE DE COOKIES ET STOCKAGE LOCAL POLITIQUE EN MATI\u00c8RE DE COOKIES ET STOCKAGE LOCALCe site web utilise des cookies et des technologies \u2713","og_url":"https:\/\/n8n.wwwarcelona.net\/fr\/politique-en-matiere-de-cookies\/","og_site_name":"n8n wwwarcelona","article_modified_time":"2025-05-16T08:00:42+00:00","twitter_card":"summary_large_image","twitter_misc":{"Dur\u00e9e de lecture estim\u00e9e":"4 minutes"},"schema":{"@context":"https:\/\/schema.org","@graph":[{"@type":"WebPage","@id":"https:\/\/n8n.wwwarcelona.net\/fr\/politique-en-matiere-de-cookies\/","url":"https:\/\/n8n.wwwarcelona.net\/fr\/politique-en-matiere-de-cookies\/","name":"\u25b7Politique en mati\u00e8re de cookies - \u3010 n8n wwwarcelona \u3011","isPartOf":{"@id":"https:\/\/n8n.wwwarcelona.net\/fr\/#website"},"datePublished":"2021-10-18T05:29:35+00:00","dateModified":"2025-05-16T08:00:42+00:00","description":"POLITIQUE EN MATI\u00c8RE DE COOKIES ET STOCKAGE LOCAL POLITIQUE EN MATI\u00c8RE DE COOKIES ET STOCKAGE LOCALCe site web utilise des cookies et des technologies \u2713","breadcrumb":{"@id":"https:\/\/n8n.wwwarcelona.net\/fr\/politique-en-matiere-de-cookies\/#breadcrumb"},"inLanguage":"fr-FR","potentialAction":[{"@type":"ReadAction","target":["https:\/\/n8n.wwwarcelona.net\/fr\/politique-en-matiere-de-cookies\/"]}]},{"@type":"BreadcrumbList","@id":"https:\/\/n8n.wwwarcelona.net\/fr\/politique-en-matiere-de-cookies\/#breadcrumb","itemListElement":[{"@type":"ListItem","position":1,"name":"Portada","item":"https:\/\/n8n.wwwarcelona.net\/fr\/accueil\/"},{"@type":"ListItem","position":2,"name":"Politique en mati\u00e8re de cookies"}]},{"@type":"WebSite","@id":"https:\/\/n8n.wwwarcelona.net\/fr\/#website","url":"https:\/\/n8n.wwwarcelona.net\/fr\/","name":"n8n wwwarcelona","description":"Disseny de Webs i APPs per Empreses","potentialAction":[{"@type":"SearchAction","target":{"@type":"EntryPoint","urlTemplate":"https:\/\/n8n.wwwarcelona.net\/fr\/?s={search_term_string}"},"query-input":{"@type":"PropertyValueSpecification","valueRequired":true,"valueName":"search_term_string"}}],"inLanguage":"fr-FR"}]}},"_links":{"self":[{"href":"https:\/\/n8n.wwwarcelona.net\/fr\/wp-json\/wp\/v2\/pages\/3088","targetHints":{"allow":["GET"]}}],"collection":[{"href":"https:\/\/n8n.wwwarcelona.net\/fr\/wp-json\/wp\/v2\/pages"}],"about":[{"href":"https:\/\/n8n.wwwarcelona.net\/fr\/wp-json\/wp\/v2\/types\/page"}],"author":[{"embeddable":true,"href":"https:\/\/n8n.wwwarcelona.net\/fr\/wp-json\/wp\/v2\/users\/7"}],"replies":[{"embeddable":true,"href":"https:\/\/n8n.wwwarcelona.net\/fr\/wp-json\/wp\/v2\/comments?post=3088"}],"version-history":[{"count":1,"href":"https:\/\/n8n.wwwarcelona.net\/fr\/wp-json\/wp\/v2\/pages\/3088\/revisions"}],"predecessor-version":[{"id":3089,"href":"https:\/\/n8n.wwwarcelona.net\/fr\/wp-json\/wp\/v2\/pages\/3088\/revisions\/3089"}],"wp:attachment":[{"href":"https:\/\/n8n.wwwarcelona.net\/fr\/wp-json\/wp\/v2\/media?parent=3088"}],"wp:term":[{"taxonomy":"post_tag","embeddable":true,"href":"https:\/\/n8n.wwwarcelona.net\/fr\/wp-json\/wp\/v2\/tags?post=3088"}],"curies":[{"name":"wp","href":"https:\/\/api.w.org\/{rel}","templated":true}]}}