{"id":3071,"date":"2021-10-16T15:24:59","date_gmt":"2021-10-16T13:24:59","guid":{"rendered":"https:\/\/n8n.wwwarcelona.net\/avis-juridique\/"},"modified":"2025-05-16T09:57:45","modified_gmt":"2025-05-16T07:57:45","slug":"avis-juridique","status":"publish","type":"page","link":"https:\/\/n8n.wwwarcelona.net\/fr\/avis-juridique\/","title":{"rendered":"Avis juridique"},"content":{"rendered":"\t\t<div data-elementor-type=\"wp-page\" data-elementor-id=\"3071\" class=\"elementor elementor-3071 elementor-57\" data-elementor-post-type=\"page\">\n\t\t\t\t\t\t<section class=\"elementor-section elementor-top-section elementor-element elementor-element-83c3299 elementor-section-boxed elementor-section-height-default elementor-section-height-default\" data-id=\"83c3299\" data-element_type=\"section\" data-e-type=\"section\">\n\t\t\t\t\t\t<div class=\"elementor-container elementor-column-gap-default\">\n\t\t\t\t\t<div class=\"elementor-column elementor-col-100 elementor-top-column elementor-element elementor-element-08780a7\" data-id=\"08780a7\" data-element_type=\"column\" data-e-type=\"column\">\n\t\t\t<div class=\"elementor-widget-wrap elementor-element-populated\">\n\t\t\t\t\t\t<div class=\"elementor-element elementor-element-0a23144 elementor-widget elementor-widget-heading\" data-id=\"0a23144\" data-element_type=\"widget\" data-e-type=\"widget\" data-widget_type=\"heading.default\">\n\t\t\t\t<div class=\"elementor-widget-container\">\n\t\t\t\t\t<h2 class=\"elementor-heading-title elementor-size-default\">AVIS JURIDIQUE<\/h2>\t\t\t\t<\/div>\n\t\t\t\t<\/div>\n\t\t\t\t<div class=\"elementor-element elementor-element-f2b704f elementor-widget elementor-widget-text-editor\" data-id=\"f2b704f\" data-element_type=\"widget\" data-e-type=\"widget\" data-widget_type=\"text-editor.default\">\n\t\t\t\t<div class=\"elementor-widget-container\">\n\t\t\t\t\t\t\t\t\t<h2><strong>AVIS JURIDIQUE<\/strong><\/h2>\n<p>Le pr\u00e9sent avis juridique a pour objet de vous informer de vos droits et obligations en tant qu&#8217;utilisateur de ce site web. Vous y trouverez toutes les informations n\u00e9cessaires sur ce site, son activit\u00e9, les donn\u00e9es personnelles qu&#8217;il collecte et sa finalit\u00e9, ainsi que les r\u00e8gles d&#8217;utilisation qui r\u00e9gissent l&#8217;utilisation de ce site. <\/p>\n<p>Lorsque vous acc\u00e9dez \u00e0 ce site web <a href=\"https:\/\/n8n.wwwarcelona.net\/fr\/\">codebiting.wwwarcelona.net<\/a>, vous assumez la condition d&#8217;utilisateur, de sorte que le contenu de ces mentions l\u00e9gales vous affecte directement. Par cons\u00e9quent, il est important que vous le lisiez afin de dissiper tout doute que vous pourriez avoir et de conna\u00eetre les conditions que vous acceptez. <\/p>\n<p>Tout d&#8217;abord, sachez que ce site respecte la r\u00e9glementation en vigueur en mati\u00e8re de protection des donn\u00e9es, dans le but de vous offrir les garanties, la s\u00e9curit\u00e9 et la transparence auxquelles vous avez droit, en tant qu&#8217;utilisateur, lorsque vous utilisez ce site.<\/p>\n<ul>\n<li><strong>Le GDPR<\/strong> (R\u00e8glement (UE) 2016\/679 du Parlement europ\u00e9en et du Conseil du 27 avril 2016 relatif \u00e0 la protection des personnes physiques), qui unifie la r\u00e9glementation du traitement des donn\u00e9es personnelles dans les diff\u00e9rents pays de l&#8217;UE.<\/li>\n<li><strong>La LOPDGDD<\/strong> (loi organique 3\/2018, du 5 d\u00e9cembre, sur la protection des donn\u00e9es \u00e0 caract\u00e8re personnel et la garantie des droits num\u00e9riques), qui r\u00e9glemente le traitement des donn\u00e9es \u00e0 caract\u00e8re personnel et les obligations que les responsables d&#8217;un site web ou d&#8217;un blog doivent assumer dans le cadre de la gestion de ces informations.<\/li>\n<li><strong>La LSSI<\/strong> (loi 34\/2002, du 11 juillet, sur les services de la soci\u00e9t\u00e9 de l&#8217;information et le commerce \u00e9lectronique), qui r\u00e9glemente les transactions \u00e9conomiques par voie \u00e9lectronique.<\/li>\n<\/ul>\n<h3><strong>DONN\u00c9ES D&#8217;IDENTIFICATION<\/strong><\/h3>\n<p>Le responsable et propri\u00e9taire de ce site web est :<\/p>\n<ul>\n<li><strong>Nom :<\/strong> Code Biting S.L.<\/li>\n<li><strong>NUM\u00c9RO DE TVA :<\/strong> B1111111111<\/li>\n<li><strong>Si\u00e8ge social :<\/strong> C \/ Consell de Cent, Entresol, 08007<\/li>\n<li><strong>Activit\u00e9 du site Web :<\/strong> Diffusion de contenu li\u00e9 \u00e0 Code Biting S.L., affichage de publicit\u00e9 et recommandation de produits affili\u00e9s.<\/li>\n<li><strong>E-mail :<\/strong> <a href=\"mailto:info@n8n.wwwarcelona.net\">info@n8n.wwwarcelona.net<\/a><\/li>\n<\/ul>\n<p>Les donn\u00e9es que vous nous fournissez avec votre consentement, et conform\u00e9ment \u00e0 l&#8217;utilisation \u00e9tablie dans notre politique de confidentialit\u00e9, seront incorpor\u00e9es dans un fichier automatis\u00e9 dont Code Biting S.L. est responsable. Cela garantit la s\u00e9curit\u00e9 et la protection de vos donn\u00e9es conform\u00e9ment \u00e0 la loi. <\/p>\n<h3><strong>R\u00c8GLES D&#8217;ACC\u00c8S AU SITE WEB<\/strong><\/h3>\n<p>En tant qu&#8217;utilisateur de notre site web, vous avez \u00e9galement un certain nombre d&#8217;obligations :<\/p>\n<ul>\n<li>Vous ne pouvez pas utiliser ce site web pour des activit\u00e9s contraires \u00e0 la loi, \u00e0 la morale, \u00e0 l&#8217;ordre public ou pour des utilisations contraires \u00e0 ce qui est exprim\u00e9 dans le pr\u00e9sent avis juridique.<\/li>\n<li>Vous ne pouvez pas faire de la publicit\u00e9 ou de l&#8217;exploitation commerciale en utilisant de fausses identit\u00e9s.<\/li>\n<li>Vous \u00eates seul responsable de la v\u00e9racit\u00e9 et de l&#8217;exactitude du contenu que vous saisissez sur ce site web et des donn\u00e9es personnelles que vous fournissez aux fins \u00e9nonc\u00e9es dans notre politique de confidentialit\u00e9.<\/li>\n<li>Vous serez \u00e9galement responsable de toute action ill\u00e9gale, illicite, nuisible et\/ou dommageable sur les sites de tiers vers lesquels nous pourrions vous rediriger.<\/li>\n<\/ul>\n<p>Code Biting S.L. peut interrompre le service du site Web et mettre fin \u00e0 la relation avec l&#8217;utilisateur s&#8217;il d\u00e9tecte une utilisation inappropri\u00e9e du site Web.<\/p>\n<h3><strong>PROPRI\u00c9T\u00c9 INTELLECTUELLE ET INDUSTRIELLE<\/strong><\/h3>\n<p>L&#8217;ensemble de ce site web (textes, images, marques, graphiques, logos, boutons, fichiers logiciels, combinaisons de couleurs, ainsi que la structure, la s\u00e9lection, l&#8217;arrangement et la pr\u00e9sentation de son contenu) est prot\u00e9g\u00e9 par les lois en vigueur sur la propri\u00e9t\u00e9 intellectuelle et industrielle.<\/p>\n<p>La reproduction, la distribution, la communication publique et la transformation, \u00e0 l&#8217;exception de l&#8217;usage personnel et priv\u00e9, sont interdites.<\/p>\n<p>Code Biting S.L. ne garantit pas que les contenus soient exacts ou exempts d&#8217;erreurs. La bonne ou mauvaise utilisation de cette page et de son contenu rel\u00e8ve de la responsabilit\u00e9 de l&#8217;utilisateur. <\/p>\n<h3><strong>LIENS<\/strong><\/h3>\n<p>Ce site web comprend des liens vers des sites de tiers. Ces sites n&#8217;ont pas \u00e9t\u00e9 examin\u00e9s ou v\u00e9rifi\u00e9s par nos soins et Code Biting S.L. n&#8217;est pas responsable du contenu, des politiques de confidentialit\u00e9 ou des actions de ces tiers. <\/p>\n<p>Nous vous recommandons de lire attentivement les conditions d&#8217;utilisation et les politiques de ces sites avant de les utiliser.<\/p>\n<h3><strong>LIMITATION DE LA RESPONSABILIT\u00c9<\/strong><\/h3>\n<p>Code Biting S.L. n&#8217;est pas responsable :<\/p>\n<ul>\n<li>Qualit\u00e9, rapidit\u00e9 et continuit\u00e9 du service.<\/li>\n<li>L&#8217;existence de virus, de logiciels malveillants dans le contenu.<\/li>\n<li>Utilisation ill\u00e9gale ou n\u00e9gligente du site web.<\/li>\n<li>le manque de l\u00e9galit\u00e9, de qualit\u00e9, de fiabilit\u00e9 ou d&#8217;utilit\u00e9 des services fournis par des tiers.<\/li>\n<li>les dommages pouvant r\u00e9sulter de l&#8217;utilisation ill\u00e9gale de ce site web.<\/li>\n<\/ul>\n<h3><strong>POLITIQUE DE CONFIDENTIALIT\u00c9 ET DE PROTECTION DES DONN\u00c9ES<\/strong><\/h3>\n<p>Ce site web est conforme \u00e0 la r\u00e9glementation en vigueur en mati\u00e8re de protection des donn\u00e9es. En tant qu&#8217;utilisateur, vous devez donner votre consentement expr\u00e8s avant de fournir des donn\u00e9es personnelles par le biais des formulaires disponibles sur le site. Toutes les informations \u00e0 ce sujet sont disponibles dans notre <strong>Politique de confidentialit\u00e9<\/strong>.  <\/p>\n<h3><strong>POLITIQUE EN MATI\u00c8RE DE COOKIES<\/strong><\/h3>\n<p>Ce site web utilise des cookies propres et de tiers. Vous pouvez configurer votre navigateur pour qu&#8217;il refuse l&#8217;utilisation de cookies. Pour plus d&#8217;informations, veuillez consulter notre <strong>politique en mati\u00e8re de cookies<\/strong>.  <\/p>\n<h3><strong>DROIT APPLICABLE ET JURIDICTION COMP\u00c9TENTE<\/strong><\/h3>\n<p>Le pr\u00e9sent avis juridique est soumis \u00e0 la l\u00e9gislation espagnole en vigueur. Tout litige sera soumis aux cours et tribunaux du domicile de l&#8217;utilisateur. Si l&#8217;utilisateur r\u00e9side en dehors de l&#8217;Espagne, les parties se soumettront aux cours et tribunaux de Barcelone (Espagne).  <\/p>\n<p>Si vous avez des questions, vous pouvez nous envoyer un courriel \u00e0 <a href=\"mailto:email-informatiu@test.com\">email-informatiu@test.com<\/a>.<\/p>\t\t\t\t\t\t\t\t<\/div>\n\t\t\t\t<\/div>\n\t\t\t\t\t<\/div>\n\t\t<\/div>\n\t\t\t\t\t<\/div>\n\t\t<\/section>\n\t\t\t\t<\/div>\n\t\t","protected":false},"excerpt":{"rendered":"<p>AVIS JURIDIQUE AVIS JURIDIQUE Le pr\u00e9sent avis juridique a pour objet de vous informer de vos droits et obligations en tant qu&#8217;utilisateur de ce site web. Vous y trouverez toutes les informations n\u00e9cessaires sur ce site, son activit\u00e9, les donn\u00e9es personnelles qu&#8217;il collecte et sa finalit\u00e9, ainsi que les r\u00e8gles d&#8217;utilisation qui r\u00e9gissent l&#8217;utilisation de [&hellip;]<\/p>\n","protected":false},"author":7,"featured_media":0,"parent":0,"menu_order":0,"comment_status":"closed","ping_status":"closed","template":"elementor_header_footer","meta":{"_acf_changed":false,"inline_featured_image":false,"footnotes":""},"tags":[],"class_list":["post-3071","page","type-page","status-publish","hentry"],"acf":[],"yoast_head":"<!-- This site is optimized with the Yoast SEO plugin v27.4 - https:\/\/yoast.com\/product\/yoast-seo-wordpress\/ -->\n<title>\u25b7Avis juridique - \u3010 n8n wwwarcelona \u3011<\/title>\n<meta name=\"description\" content=\"AVIS JURIDIQUE AVIS JURIDIQUE Le pr\u00e9sent avis juridique a pour objet de vous informer de vos droits et obligations en tant qu&#039;utilisateur de ce site web. \u2713\" \/>\n<meta name=\"robots\" content=\"noindex, nofollow\" \/>\n<meta property=\"og:locale\" content=\"fr_FR\" \/>\n<meta property=\"og:type\" content=\"article\" \/>\n<meta property=\"og:title\" content=\"\u25b7Avis juridique - \u3010 n8n wwwarcelona \u3011\" \/>\n<meta property=\"og:description\" content=\"AVIS JURIDIQUE AVIS JURIDIQUE Le pr\u00e9sent avis juridique a pour objet de vous informer de vos droits et obligations en tant qu&#039;utilisateur de ce site web. \u2713\" \/>\n<meta property=\"og:url\" content=\"https:\/\/n8n.wwwarcelona.net\/fr\/avis-juridique\/\" \/>\n<meta property=\"og:site_name\" content=\"n8n wwwarcelona\" \/>\n<meta property=\"article:modified_time\" content=\"2025-05-16T07:57:45+00:00\" \/>\n<meta name=\"twitter:card\" content=\"summary_large_image\" \/>\n<meta name=\"twitter:label1\" content=\"Dur\u00e9e de lecture estim\u00e9e\" \/>\n\t<meta name=\"twitter:data1\" content=\"5 minutes\" \/>\n<!-- \/ Yoast SEO plugin. -->","yoast_head_json":{"title":"\u25b7Avis juridique - \u3010 n8n wwwarcelona \u3011","description":"AVIS JURIDIQUE AVIS JURIDIQUE Le pr\u00e9sent avis juridique a pour objet de vous informer de vos droits et obligations en tant qu'utilisateur de ce site web. \u2713","robots":{"index":"noindex","follow":"nofollow"},"og_locale":"fr_FR","og_type":"article","og_title":"\u25b7Avis juridique - \u3010 n8n wwwarcelona \u3011","og_description":"AVIS JURIDIQUE AVIS JURIDIQUE Le pr\u00e9sent avis juridique a pour objet de vous informer de vos droits et obligations en tant qu'utilisateur de ce site web. \u2713","og_url":"https:\/\/n8n.wwwarcelona.net\/fr\/avis-juridique\/","og_site_name":"n8n wwwarcelona","article_modified_time":"2025-05-16T07:57:45+00:00","twitter_card":"summary_large_image","twitter_misc":{"Dur\u00e9e de lecture estim\u00e9e":"5 minutes"},"schema":{"@context":"https:\/\/schema.org","@graph":[{"@type":"WebPage","@id":"https:\/\/n8n.wwwarcelona.net\/fr\/avis-juridique\/","url":"https:\/\/n8n.wwwarcelona.net\/fr\/avis-juridique\/","name":"\u25b7Avis juridique - \u3010 n8n wwwarcelona \u3011","isPartOf":{"@id":"https:\/\/n8n.wwwarcelona.net\/fr\/#website"},"datePublished":"2021-10-16T13:24:59+00:00","dateModified":"2025-05-16T07:57:45+00:00","description":"AVIS JURIDIQUE AVIS JURIDIQUE Le pr\u00e9sent avis juridique a pour objet de vous informer de vos droits et obligations en tant qu'utilisateur de ce site web. \u2713","breadcrumb":{"@id":"https:\/\/n8n.wwwarcelona.net\/fr\/avis-juridique\/#breadcrumb"},"inLanguage":"fr-FR","potentialAction":[{"@type":"ReadAction","target":["https:\/\/n8n.wwwarcelona.net\/fr\/avis-juridique\/"]}]},{"@type":"BreadcrumbList","@id":"https:\/\/n8n.wwwarcelona.net\/fr\/avis-juridique\/#breadcrumb","itemListElement":[{"@type":"ListItem","position":1,"name":"Portada","item":"https:\/\/n8n.wwwarcelona.net\/fr\/accueil\/"},{"@type":"ListItem","position":2,"name":"Avis juridique"}]},{"@type":"WebSite","@id":"https:\/\/n8n.wwwarcelona.net\/fr\/#website","url":"https:\/\/n8n.wwwarcelona.net\/fr\/","name":"n8n wwwarcelona","description":"Disseny de Webs i APPs per Empreses","potentialAction":[{"@type":"SearchAction","target":{"@type":"EntryPoint","urlTemplate":"https:\/\/n8n.wwwarcelona.net\/fr\/?s={search_term_string}"},"query-input":{"@type":"PropertyValueSpecification","valueRequired":true,"valueName":"search_term_string"}}],"inLanguage":"fr-FR"}]}},"_links":{"self":[{"href":"https:\/\/n8n.wwwarcelona.net\/fr\/wp-json\/wp\/v2\/pages\/3071","targetHints":{"allow":["GET"]}}],"collection":[{"href":"https:\/\/n8n.wwwarcelona.net\/fr\/wp-json\/wp\/v2\/pages"}],"about":[{"href":"https:\/\/n8n.wwwarcelona.net\/fr\/wp-json\/wp\/v2\/types\/page"}],"author":[{"embeddable":true,"href":"https:\/\/n8n.wwwarcelona.net\/fr\/wp-json\/wp\/v2\/users\/7"}],"replies":[{"embeddable":true,"href":"https:\/\/n8n.wwwarcelona.net\/fr\/wp-json\/wp\/v2\/comments?post=3071"}],"version-history":[{"count":1,"href":"https:\/\/n8n.wwwarcelona.net\/fr\/wp-json\/wp\/v2\/pages\/3071\/revisions"}],"predecessor-version":[{"id":3072,"href":"https:\/\/n8n.wwwarcelona.net\/fr\/wp-json\/wp\/v2\/pages\/3071\/revisions\/3072"}],"wp:attachment":[{"href":"https:\/\/n8n.wwwarcelona.net\/fr\/wp-json\/wp\/v2\/media?parent=3071"}],"wp:term":[{"taxonomy":"post_tag","embeddable":true,"href":"https:\/\/n8n.wwwarcelona.net\/fr\/wp-json\/wp\/v2\/tags?post=3071"}],"curies":[{"name":"wp","href":"https:\/\/api.w.org\/{rel}","templated":true}]}}